{"id":2926,"date":"2021-12-06T14:09:21","date_gmt":"2021-12-06T14:09:21","guid":{"rendered":"https:\/\/aurora-fiss.at\/breakfast\/"},"modified":"2025-08-20T06:11:34","modified_gmt":"2025-08-20T06:11:34","slug":"breakfast","status":"publish","type":"page","link":"https:\/\/aurora-fiss.at\/en\/breakfast\/","title":{"rendered":"Breakfast"},"content":{"rendered":"\t\t<div data-elementor-type=\"wp-page\" data-elementor-id=\"2926\" class=\"elementor elementor-2926 elementor-18\" data-elementor-post-type=\"page\">\n\t\t\t\t\t\t<section class=\"elementor-section elementor-top-section elementor-element elementor-element-76a636d4 elementor-section-height-min-height elementor-section-full_width elementor-section-height-default elementor-section-items-middle\" data-id=\"76a636d4\" data-element_type=\"section\" data-e-type=\"section\" data-settings=\"{&quot;background_background&quot;:&quot;classic&quot;}\">\n\t\t\t\t\t\t<div class=\"elementor-container elementor-column-gap-default\">\n\t\t\t\t\t<div class=\"elementor-column elementor-col-100 elementor-top-column elementor-element elementor-element-3917dac0\" data-id=\"3917dac0\" data-element_type=\"column\" data-e-type=\"column\">\n\t\t\t<div class=\"elementor-widget-wrap\">\n\t\t\t\t\t\t\t<\/div>\n\t\t<\/div>\n\t\t\t\t\t<\/div>\n\t\t<\/section>\n\t\t\t\t<section class=\"elementor-section elementor-top-section elementor-element elementor-element-607c6da5 elementor-section-boxed elementor-section-height-default elementor-section-height-default\" data-id=\"607c6da5\" data-element_type=\"section\" data-e-type=\"section\">\n\t\t\t\t\t\t<div class=\"elementor-container elementor-column-gap-default\">\n\t\t\t\t\t<div class=\"elementor-column elementor-col-100 elementor-top-column elementor-element elementor-element-141d2fa3\" data-id=\"141d2fa3\" data-element_type=\"column\" data-e-type=\"column\">\n\t\t\t<div class=\"elementor-widget-wrap elementor-element-populated\">\n\t\t\t\t\t\t<div class=\"elementor-element elementor-element-32aaaea1 elementor-widget elementor-widget-heading\" data-id=\"32aaaea1\" data-element_type=\"widget\" data-e-type=\"widget\" data-widget_type=\"heading.default\">\n\t\t\t\t<div class=\"elementor-widget-container\">\n\t\t\t\t\t<h2 class=\"elementor-heading-title elementor-size-default\">BREAKFAST<\/h2>\t\t\t\t<\/div>\n\t\t\t\t<\/div>\n\t\t\t\t<div class=\"elementor-element elementor-element-4d21eab elementor-widget elementor-widget-heading\" data-id=\"4d21eab\" data-element_type=\"widget\" data-e-type=\"widget\" data-widget_type=\"heading.default\">\n\t\t\t\t<div class=\"elementor-widget-container\">\n\t\t\t\t\t<h2 class=\"elementor-heading-title elementor-size-default\">Enjoying the morning<\/h2>\t\t\t\t<\/div>\n\t\t\t\t<\/div>\n\t\t\t\t<div class=\"elementor-element elementor-element-7ad51265 elementor-widget elementor-widget-text-editor\" data-id=\"7ad51265\" data-element_type=\"widget\" data-e-type=\"widget\" data-widget_type=\"text-editor.default\">\n\t\t\t\t<div class=\"elementor-widget-container\">\n\t\t\t\t\t\t\t\t\t<p><strong>Only bookable in winter during the low season<\/strong><\/p><p>It is never too early to start enjoying. Discover our breakfast buffet and allow us to enchant you already in the morning. At the Aurora you can start your day surrounded by stylish interior and with a wonderful view across majestic mountains. So, enjoy a delicious and varied breakfast and prepare yourself for another unforgettable experience in the Serfaus-Fiss-Ladis holiday region.<\/p>\t\t\t\t\t\t\t\t<\/div>\n\t\t\t\t<\/div>\n\t\t\t\t\t<\/div>\n\t\t<\/div>\n\t\t\t\t\t<\/div>\n\t\t<\/section>\n\t\t\t\t<section class=\"elementor-section elementor-top-section elementor-element elementor-element-3b9bc9a elementor-section-height-min-height elementor-section-boxed elementor-section-height-default elementor-section-items-middle\" data-id=\"3b9bc9a\" data-element_type=\"section\" data-e-type=\"section\" data-settings=\"{&quot;background_background&quot;:&quot;classic&quot;,&quot;background_motion_fx_motion_fx_scrolling&quot;:&quot;yes&quot;,&quot;background_motion_fx_opacity_effect&quot;:&quot;yes&quot;,&quot;background_motion_fx_opacity_range&quot;:{&quot;unit&quot;:&quot;%&quot;,&quot;size&quot;:&quot;&quot;,&quot;sizes&quot;:{&quot;start&quot;:12,&quot;end&quot;:100}},&quot;background_motion_fx_opacity_direction&quot;:&quot;out-in&quot;,&quot;background_motion_fx_opacity_level&quot;:{&quot;unit&quot;:&quot;px&quot;,&quot;size&quot;:10,&quot;sizes&quot;:[]},&quot;background_motion_fx_devices&quot;:[&quot;desktop&quot;,&quot;tablet_extra&quot;,&quot;tablet&quot;,&quot;mobile&quot;]}\">\n\t\t\t\t\t\t<div class=\"elementor-container elementor-column-gap-wider\">\n\t\t\t\t\t<div class=\"elementor-column elementor-col-100 elementor-top-column elementor-element elementor-element-6457f35 animated-slow elementor-invisible\" data-id=\"6457f35\" data-element_type=\"column\" data-e-type=\"column\" data-settings=\"{&quot;animation&quot;:&quot;fadeInLeft&quot;}\">\n\t\t\t<div class=\"elementor-widget-wrap elementor-element-populated\">\n\t\t\t\t\t\t<div class=\"elementor-element elementor-element-839f696 elementor-widget elementor-widget-text-editor\" data-id=\"839f696\" data-element_type=\"widget\" data-e-type=\"widget\" data-widget_type=\"text-editor.default\">\n\t\t\t\t<div class=\"elementor-widget-container\">\n\t\t\t\t\t\t\t\t\t<p>Our vital breakfast buffet leaves nothing to be desired and invites you to try something new every day:\u00a0 Fresh coffee, exquisite teas and crispy bread \u2013 which is baked for you every morning by the local baker.<\/p>\n<p><strong>Allow yourself to welcome the day completely relaxed.<\/strong><\/p>\n\t\t\t\t\t\t\t\t<\/div>\n\t\t\t\t<\/div>\n\t\t\t\t<div class=\"elementor-element elementor-element-e97fa89 elementor-align-center elementor-icon-list--layout-traditional elementor-list-item-link-full_width elementor-widget elementor-widget-icon-list\" data-id=\"e97fa89\" data-element_type=\"widget\" data-e-type=\"widget\" data-widget_type=\"icon-list.default\">\n\t\t\t\t<div class=\"elementor-widget-container\">\n\t\t\t\t\t\t\t<ul class=\"elementor-icon-list-items\">\n\t\t\t\t\t\t\t<li class=\"elementor-icon-list-item\">\n\t\t\t\t\t\t\t\t\t\t\t<span class=\"elementor-icon-list-icon\">\n\t\t\t\t\t\t\t<i aria-hidden=\"true\" class=\"fas fa-info-circle\"><\/i>\t\t\t\t\t\t<\/span>\n\t\t\t\t\t\t\t\t\t\t<span class=\"elementor-icon-list-text\">Children 0-3 years free<\/span>\n\t\t\t\t\t\t\t\t\t<\/li>\n\t\t\t\t\t\t\t\t<li class=\"elementor-icon-list-item\">\n\t\t\t\t\t\t\t\t\t\t\t<span class=\"elementor-icon-list-icon\">\n\t\t\t\t\t\t\t<i aria-hidden=\"true\" class=\"fas fa-info-circle\"><\/i>\t\t\t\t\t\t<\/span>\n\t\t\t\t\t\t\t\t\t\t<span class=\"elementor-icon-list-text\">Children 4-6 years \u20ac 13,40 per day<\/span>\n\t\t\t\t\t\t\t\t\t<\/li>\n\t\t\t\t\t\t\t\t<li class=\"elementor-icon-list-item\">\n\t\t\t\t\t\t\t\t\t\t\t<span class=\"elementor-icon-list-icon\">\n\t\t\t\t\t\t\t<i aria-hidden=\"true\" class=\"fas fa-info-circle\"><\/i>\t\t\t\t\t\t<\/span>\n\t\t\t\t\t\t\t\t\t\t<span class=\"elementor-icon-list-text\">Children 7-12 years \u20ac 17,80 per day<\/span>\n\t\t\t\t\t\t\t\t\t<\/li>\n\t\t\t\t\t\t\t\t<li class=\"elementor-icon-list-item\">\n\t\t\t\t\t\t\t\t\t\t\t<span class=\"elementor-icon-list-icon\">\n\t\t\t\t\t\t\t<i aria-hidden=\"true\" class=\"fas fa-info-circle\"><\/i>\t\t\t\t\t\t<\/span>\n\t\t\t\t\t\t\t\t\t\t<span class=\"elementor-icon-list-text\">Children 13-15 years \u20ac 20,00 per day<\/span>\n\t\t\t\t\t\t\t\t\t<\/li>\n\t\t\t\t\t\t\t\t<li class=\"elementor-icon-list-item\">\n\t\t\t\t\t\t\t\t\t\t\t<span class=\"elementor-icon-list-icon\">\n\t\t\t\t\t\t\t<i aria-hidden=\"true\" class=\"fas fa-info-circle\"><\/i>\t\t\t\t\t\t<\/span>\n\t\t\t\t\t\t\t\t\t\t<span class=\"elementor-icon-list-text\">from 16 years \u20ac 22,30 per day<\/span>\n\t\t\t\t\t\t\t\t\t<\/li>\n\t\t\t\t\t\t<\/ul>\n\t\t\t\t\t\t<\/div>\n\t\t\t\t<\/div>\n\t\t\t\t<div class=\"elementor-element elementor-element-ba918ca elementor-widget elementor-widget-text-editor\" data-id=\"ba918ca\" data-element_type=\"widget\" data-e-type=\"widget\" data-widget_type=\"text-editor.default\">\n\t\t\t\t<div class=\"elementor-widget-container\">\n\t\t\t\t\t\t\t\t\t<p><span class=\"HwtZe\" lang=\"en\"><span class=\"jCAhz ChMk0b\"><span class=\"ryNqvb\">All guests who book breakfast with their reservation or reserve it up to 1 week before arrival will receive <\/span><\/span><\/span><\/p><h1><span class=\"HwtZe\" lang=\"en\"><span class=\"jCAhz ChMk0b\"><span class=\"ryNqvb\"><strong>-10% discount<\/strong> <\/span><\/span><\/span><\/h1><p><span class=\"HwtZe\" lang=\"en\"><span class=\"jCAhz ChMk0b\"><span class=\"ryNqvb\">on the breakfast price.<\/span><\/span><\/span><\/p>\t\t\t\t\t\t\t\t<\/div>\n\t\t\t\t<\/div>\n\t\t\t\t<section class=\"elementor-section elementor-inner-section elementor-element elementor-element-d3fa16f elementor-section-boxed elementor-section-height-default elementor-section-height-default\" data-id=\"d3fa16f\" data-element_type=\"section\" data-e-type=\"section\">\n\t\t\t\t\t\t<div class=\"elementor-container elementor-column-gap-default\">\n\t\t\t\t\t<div class=\"elementor-column elementor-col-50 elementor-inner-column elementor-element elementor-element-9939986\" data-id=\"9939986\" data-element_type=\"column\" data-e-type=\"column\">\n\t\t\t<div class=\"elementor-widget-wrap elementor-element-populated\">\n\t\t\t\t\t\t<div class=\"elementor-element elementor-element-15f9ebc elementor-widget elementor-widget-image\" data-id=\"15f9ebc\" data-element_type=\"widget\" data-e-type=\"widget\" data-widget_type=\"image.default\">\n\t\t\t\t<div class=\"elementor-widget-container\">\n\t\t\t\t\t\t\t\t\t\t\t\t\t\t\t<img loading=\"lazy\" decoding=\"async\" width=\"800\" height=\"534\" src=\"https:\/\/aurora-fiss.at\/wp-content\/uploads\/2021\/10\/Aurora-Fru\u0308hstu\u0308ck-2-1-1024x683.jpg\" class=\"attachment-large size-large wp-image-2611\" alt=\"\" srcset=\"https:\/\/aurora-fiss.at\/wp-content\/uploads\/2021\/10\/Aurora-Fru\u0308hstu\u0308ck-2-1-1024x683.jpg 1024w, https:\/\/aurora-fiss.at\/wp-content\/uploads\/2021\/10\/Aurora-Fru\u0308hstu\u0308ck-2-1-300x200.jpg 300w, https:\/\/aurora-fiss.at\/wp-content\/uploads\/2021\/10\/Aurora-Fru\u0308hstu\u0308ck-2-1-768x512.jpg 768w, https:\/\/aurora-fiss.at\/wp-content\/uploads\/2021\/10\/Aurora-Fru\u0308hstu\u0308ck-2-1-1536x1025.jpg 1536w, https:\/\/aurora-fiss.at\/wp-content\/uploads\/2021\/10\/Aurora-Fru\u0308hstu\u0308ck-2-1.jpg 2000w\" sizes=\"auto, (max-width: 800px) 100vw, 800px\" \/>\t\t\t\t\t\t\t\t\t\t\t\t\t\t\t<\/div>\n\t\t\t\t<\/div>\n\t\t\t\t\t<\/div>\n\t\t<\/div>\n\t\t\t\t<div class=\"elementor-column elementor-col-50 elementor-inner-column elementor-element elementor-element-5c3fac5\" data-id=\"5c3fac5\" data-element_type=\"column\" data-e-type=\"column\">\n\t\t\t<div class=\"elementor-widget-wrap elementor-element-populated\">\n\t\t\t\t\t\t<div class=\"elementor-element elementor-element-838c76b elementor-widget elementor-widget-image\" data-id=\"838c76b\" data-element_type=\"widget\" data-e-type=\"widget\" data-widget_type=\"image.default\">\n\t\t\t\t<div class=\"elementor-widget-container\">\n\t\t\t\t\t\t\t\t\t\t\t\t\t\t\t<img loading=\"lazy\" decoding=\"async\" width=\"800\" height=\"533\" src=\"https:\/\/aurora-fiss.at\/wp-content\/uploads\/2021\/10\/Aurora-Fru\u0308hstu\u0308ck-1-1024x682.jpg\" class=\"attachment-large size-large wp-image-2610\" alt=\"\" srcset=\"https:\/\/aurora-fiss.at\/wp-content\/uploads\/2021\/10\/Aurora-Fru\u0308hstu\u0308ck-1-1024x682.jpg 1024w, https:\/\/aurora-fiss.at\/wp-content\/uploads\/2021\/10\/Aurora-Fru\u0308hstu\u0308ck-1-300x200.jpg 300w, https:\/\/aurora-fiss.at\/wp-content\/uploads\/2021\/10\/Aurora-Fru\u0308hstu\u0308ck-1-768x512.jpg 768w, https:\/\/aurora-fiss.at\/wp-content\/uploads\/2021\/10\/Aurora-Fru\u0308hstu\u0308ck-1-1536x1024.jpg 1536w, https:\/\/aurora-fiss.at\/wp-content\/uploads\/2021\/10\/Aurora-Fru\u0308hstu\u0308ck-1.jpg 2000w\" sizes=\"auto, (max-width: 800px) 100vw, 800px\" \/>\t\t\t\t\t\t\t\t\t\t\t\t\t\t\t<\/div>\n\t\t\t\t<\/div>\n\t\t\t\t\t<\/div>\n\t\t<\/div>\n\t\t\t\t\t<\/div>\n\t\t<\/section>\n\t\t\t\t\t<\/div>\n\t\t<\/div>\n\t\t\t\t\t<\/div>\n\t\t<\/section>\n\t\t\t\t<\/div>\n\t\t","protected":false},"excerpt":{"rendered":"<p>BREAKFAST Enjoying the morning Only bookable in winter during the low season It is never too early to start enjoying. Discover our breakfast buffet and allow us to enchant you already in the morning. At the Aurora you can start your day surrounded by stylish interior and with a wonderful view across majestic mountains. So, [&hellip;]<\/p>\n","protected":false},"author":2,"featured_media":0,"parent":0,"menu_order":4,"comment_status":"closed","ping_status":"closed","template":"","meta":{"footnotes":""},"class_list":["post-2926","page","type-page","status-publish","hentry"],"yoast_head":"<!-- This site is optimized with the Yoast SEO plugin v27.3 - https:\/\/yoast.com\/product\/yoast-seo-wordpress\/ -->\n<title>Apart-Hotel Aurora | Appartements &amp; Suiten | Fr\u00fchst\u00fcck | Fiss, Tirol<\/title>\n<meta name=\"description\" content=\"Unser vitales Fr\u00fchst\u00fccksbuffet l\u00e4sst keine W\u00fcnsche offen. Frischer Kaffee, erlesene Teesorten und frisches Brot vom heimischen B\u00e4cker.\" \/>\n<meta name=\"robots\" content=\"index, follow, max-snippet:-1, max-image-preview:large, max-video-preview:-1\" \/>\n<link rel=\"canonical\" href=\"https:\/\/aurora-fiss.at\/en\/breakfast\/\" \/>\n<meta property=\"og:locale\" content=\"en_US\" \/>\n<meta property=\"og:type\" content=\"article\" \/>\n<meta property=\"og:title\" content=\"Apart-Hotel Aurora | Appartements &amp; Suiten | Fr\u00fchst\u00fcck | Fiss, Tirol\" \/>\n<meta property=\"og:description\" content=\"Unser vitales Fr\u00fchst\u00fccksbuffet l\u00e4sst keine W\u00fcnsche offen. Frischer Kaffee, erlesene Teesorten und frisches Brot vom heimischen B\u00e4cker.\" \/>\n<meta property=\"og:url\" content=\"https:\/\/aurora-fiss.at\/en\/breakfast\/\" \/>\n<meta property=\"og:site_name\" content=\"Aurora\" \/>\n<meta property=\"article:modified_time\" content=\"2025-08-20T06:11:34+00:00\" \/>\n<meta name=\"twitter:card\" content=\"summary_large_image\" \/>\n<meta name=\"twitter:label1\" content=\"Est. reading time\" \/>\n\t<meta name=\"twitter:data1\" content=\"2 minutes\" \/>\n<script type=\"application\/ld+json\" class=\"yoast-schema-graph\">{\"@context\":\"https:\\\/\\\/schema.org\",\"@graph\":[{\"@type\":\"WebPage\",\"@id\":\"https:\\\/\\\/aurora-fiss.at\\\/en\\\/breakfast\\\/\",\"url\":\"https:\\\/\\\/aurora-fiss.at\\\/en\\\/breakfast\\\/\",\"name\":\"Apart-Hotel Aurora | Appartements & Suiten | Fr\u00fchst\u00fcck | Fiss, Tirol\",\"isPartOf\":{\"@id\":\"https:\\\/\\\/aurora-fiss.at\\\/#website\"},\"datePublished\":\"2021-12-06T14:09:21+00:00\",\"dateModified\":\"2025-08-20T06:11:34+00:00\",\"description\":\"Unser vitales Fr\u00fchst\u00fccksbuffet l\u00e4sst keine W\u00fcnsche offen. Frischer Kaffee, erlesene Teesorten und frisches Brot vom heimischen B\u00e4cker.\",\"breadcrumb\":{\"@id\":\"https:\\\/\\\/aurora-fiss.at\\\/en\\\/breakfast\\\/#breadcrumb\"},\"inLanguage\":\"en-US\",\"potentialAction\":[{\"@type\":\"ReadAction\",\"target\":[\"https:\\\/\\\/aurora-fiss.at\\\/en\\\/breakfast\\\/\"]}]},{\"@type\":\"BreadcrumbList\",\"@id\":\"https:\\\/\\\/aurora-fiss.at\\\/en\\\/breakfast\\\/#breadcrumb\",\"itemListElement\":[{\"@type\":\"ListItem\",\"position\":1,\"name\":\"Startseite\",\"item\":\"https:\\\/\\\/aurora-fiss.at\\\/en\\\/aurora\\\/\"},{\"@type\":\"ListItem\",\"position\":2,\"name\":\"Breakfast\"}]},{\"@type\":\"WebSite\",\"@id\":\"https:\\\/\\\/aurora-fiss.at\\\/#website\",\"url\":\"https:\\\/\\\/aurora-fiss.at\\\/\",\"name\":\"Aurora\",\"description\":\"Hotel Apart Fiss\",\"potentialAction\":[{\"@type\":\"SearchAction\",\"target\":{\"@type\":\"EntryPoint\",\"urlTemplate\":\"https:\\\/\\\/aurora-fiss.at\\\/?s={search_term_string}\"},\"query-input\":{\"@type\":\"PropertyValueSpecification\",\"valueRequired\":true,\"valueName\":\"search_term_string\"}}],\"inLanguage\":\"en-US\"}]}<\/script>\n<!-- \/ Yoast SEO plugin. -->","yoast_head_json":{"title":"Apart-Hotel Aurora | Appartements & Suiten | Fr\u00fchst\u00fcck | Fiss, Tirol","description":"Unser vitales Fr\u00fchst\u00fccksbuffet l\u00e4sst keine W\u00fcnsche offen. Frischer Kaffee, erlesene Teesorten und frisches Brot vom heimischen B\u00e4cker.","robots":{"index":"index","follow":"follow","max-snippet":"max-snippet:-1","max-image-preview":"max-image-preview:large","max-video-preview":"max-video-preview:-1"},"canonical":"https:\/\/aurora-fiss.at\/en\/breakfast\/","og_locale":"en_US","og_type":"article","og_title":"Apart-Hotel Aurora | Appartements & Suiten | Fr\u00fchst\u00fcck | Fiss, Tirol","og_description":"Unser vitales Fr\u00fchst\u00fccksbuffet l\u00e4sst keine W\u00fcnsche offen. Frischer Kaffee, erlesene Teesorten und frisches Brot vom heimischen B\u00e4cker.","og_url":"https:\/\/aurora-fiss.at\/en\/breakfast\/","og_site_name":"Aurora","article_modified_time":"2025-08-20T06:11:34+00:00","twitter_card":"summary_large_image","twitter_misc":{"Est. reading time":"2 minutes"},"schema":{"@context":"https:\/\/schema.org","@graph":[{"@type":"WebPage","@id":"https:\/\/aurora-fiss.at\/en\/breakfast\/","url":"https:\/\/aurora-fiss.at\/en\/breakfast\/","name":"Apart-Hotel Aurora | Appartements & Suiten | Fr\u00fchst\u00fcck | Fiss, Tirol","isPartOf":{"@id":"https:\/\/aurora-fiss.at\/#website"},"datePublished":"2021-12-06T14:09:21+00:00","dateModified":"2025-08-20T06:11:34+00:00","description":"Unser vitales Fr\u00fchst\u00fccksbuffet l\u00e4sst keine W\u00fcnsche offen. Frischer Kaffee, erlesene Teesorten und frisches Brot vom heimischen B\u00e4cker.","breadcrumb":{"@id":"https:\/\/aurora-fiss.at\/en\/breakfast\/#breadcrumb"},"inLanguage":"en-US","potentialAction":[{"@type":"ReadAction","target":["https:\/\/aurora-fiss.at\/en\/breakfast\/"]}]},{"@type":"BreadcrumbList","@id":"https:\/\/aurora-fiss.at\/en\/breakfast\/#breadcrumb","itemListElement":[{"@type":"ListItem","position":1,"name":"Startseite","item":"https:\/\/aurora-fiss.at\/en\/aurora\/"},{"@type":"ListItem","position":2,"name":"Breakfast"}]},{"@type":"WebSite","@id":"https:\/\/aurora-fiss.at\/#website","url":"https:\/\/aurora-fiss.at\/","name":"Aurora","description":"Hotel Apart Fiss","potentialAction":[{"@type":"SearchAction","target":{"@type":"EntryPoint","urlTemplate":"https:\/\/aurora-fiss.at\/?s={search_term_string}"},"query-input":{"@type":"PropertyValueSpecification","valueRequired":true,"valueName":"search_term_string"}}],"inLanguage":"en-US"}]}},"_links":{"self":[{"href":"https:\/\/aurora-fiss.at\/en\/wp-json\/wp\/v2\/pages\/2926","targetHints":{"allow":["GET"]}}],"collection":[{"href":"https:\/\/aurora-fiss.at\/en\/wp-json\/wp\/v2\/pages"}],"about":[{"href":"https:\/\/aurora-fiss.at\/en\/wp-json\/wp\/v2\/types\/page"}],"author":[{"embeddable":true,"href":"https:\/\/aurora-fiss.at\/en\/wp-json\/wp\/v2\/users\/2"}],"replies":[{"embeddable":true,"href":"https:\/\/aurora-fiss.at\/en\/wp-json\/wp\/v2\/comments?post=2926"}],"version-history":[{"count":35,"href":"https:\/\/aurora-fiss.at\/en\/wp-json\/wp\/v2\/pages\/2926\/revisions"}],"predecessor-version":[{"id":6894,"href":"https:\/\/aurora-fiss.at\/en\/wp-json\/wp\/v2\/pages\/2926\/revisions\/6894"}],"wp:attachment":[{"href":"https:\/\/aurora-fiss.at\/en\/wp-json\/wp\/v2\/media?parent=2926"}],"curies":[{"name":"wp","href":"https:\/\/api.w.org\/{rel}","templated":true}]}}